{"id":7,"date":"2020-09-12T16:50:29","date_gmt":"2020-09-12T14:50:29","guid":{"rendered":"http:\/\/www.chantal-sanglier.com\/?page_id=7"},"modified":"2021-01-09T14:35:32","modified_gmt":"2021-01-09T13:35:32","slug":"biographie-fr","status":"publish","type":"page","link":"http:\/\/www.chantal-sanglier.com\/?page_id=7","title":{"rendered":"BIOGRAPHIE"},"content":{"rendered":"\n<div class=\"wp-block-media-text alignwide has-media-on-the-right is-stacked-on-mobile\" style=\"grid-template-columns:auto 19%\"><figure class=\"wp-block-media-text__media\"><img loading=\"lazy\" width=\"130\" height=\"130\" src=\"http:\/\/www.chantal-sanglier.com\/wp-content\/uploads\/2020\/09\/petite_photo_CS.png\" alt=\"\" class=\"wp-image-76 size-full\" srcset=\"http:\/\/www.chantal-sanglier.com\/wp-content\/uploads\/2020\/09\/petite_photo_CS.png 130w, http:\/\/www.chantal-sanglier.com\/wp-content\/uploads\/2020\/09\/petite_photo_CS-50x50.png 50w, http:\/\/www.chantal-sanglier.com\/wp-content\/uploads\/2020\/09\/petite_photo_CS-80x80.png 80w\" sizes=\"(max-width: 130px) 100vw, 130px\" \/><\/figure><div class=\"wp-block-media-text__content\">\n<p class=\"has-text-color\" style=\"color:#7980e0\"><strong>La presse a dit :<\/strong> <br>\u00ab Les photographies de Chantal Sanglier nous invitent \u00e0 une ballade sur les pas de ces fantasmatiques chevaux. De l\u2019\u00e9curie au pr\u00e9, du galop en libert\u00e9 au champ de course, c\u2019est une v\u00e9ritable immersion que la photographe a effectu\u00e9 depuis ao\u00fbt 2007 dans cet univers \u00e9questre qu\u2019elle a su capturer \u00e0 sa fa\u00e7on.&nbsp;<br>Cadrages audacieux, jeux de lumi\u00e8re, les chevaux deviennent un objet de r\u00eave, apparitions fugaces ou pr\u00e9sences sugg\u00e9r\u00e9es. Les tirages en grand format pour l&rsquo;ext\u00e9rieur ou l&rsquo;int\u00e9rieur, l&rsquo;utilisation de mati\u00e8res inhabituelles viennent compl\u00e9ter l&rsquo;oeuvre photographique.&nbsp;\u00bb<\/p>\n<\/div><\/div>\n\n\n\n<p class=\"has-text-color\" style=\"color:#7980e0;font-size:24px\"><strong>DU PASSE AU PRESENT&#8230;<\/strong><\/p>\n\n\n\n<p class=\"has-white-color has-text-color\">Huit ann\u00e9es pass\u00e9es au Canada m&rsquo;ont permis d&rsquo;acqu\u00e9rir une solide exp\u00e9rience en journalisme, relations publiques, radio, t\u00e9l\u00e9vision et photo au Centre National des Arts, L\u2019Universit\u00e9 d\u2019Ottawa et au Secr\u00e9tariat d&rsquo;Etat, \u00e0 Ottawa.<\/p>\n\n\n\n<p class=\"has-white-color has-text-color\">De retour \u00e0 Paris, j&rsquo;ai cr\u00e9\u00e9 mon agence de relations publiques. Nous avons g\u00e9r\u00e9 avec mon \u00e9quipe, des budgets leaders dans les domaines du mobilier design (Vitra, Knoll, Artemide, Herman Miller, Danese, Designer&rsquo;s Saturday, Salon de Courtrai, Foire de Milan etc.). En 1989, nous avons fait le lancement presse pour l&rsquo;inauguration du Vitra Design Museum.<br><br>Dans le domaine du sport, nous avons particip\u00e9 \u00e0 la cr\u00e9ation d&rsquo;\u00e9v\u00e9nements comme le 1er Camel Trophy, le 1er Championnat de France de Montgolfi\u00e8re, le 1er Troph\u00e9e de Golf de la Communication.<br><br>Fin 2005, je d\u00e9cide de reprendre s\u00e9rieusement la photographie. J&rsquo;entreprends alors de compl\u00e9ter et r\u00e9actualiser ma formation aux Gobelins \u00e0 Paris, en Arles avec entre autres Olivier Culmann, Jean-Christophe B\u00e9chet et Klavidj Sluban, G\u00e9rard Planchenaud.<br><br>Ma nouvelle carri\u00e8re de reporter photographe num\u00e9rique a commenc\u00e9 en octobre 2007 avec le Ch\u00e2teau du Petit Puch, dans le Bordelais, qui me donne carte blanche pour photographier les vendanges \u00e0 ma fa\u00e7on, le jus de raisin se transforme en un v\u00e9ritable tableau non figuratif.<\/p>\n\n\n\n<p class=\"has-white-color has-text-color\">A partir de 2014, je suis all\u00e9e r\u00e9guli\u00e8rement aux Etats-Unis et principalement \u00e0 New York et Miami pour r\u00e9aliser de la street photography.<\/p>\n\n\n\n<p class=\"has-white-color has-text-color\">En 2014 j\u2019effectue un voyage au Japon, missionn\u00e9e par le journal&nbsp;<em>Jour de Galop,&nbsp;<\/em>qui<em>&nbsp;<\/em>m\u2019a permis de d\u00e9couvrir l\u2019entrainement des purs sangs \u00e0 Osaka, les \u00e9curies \u00e0 Hokkaido et les courses \u00e0 Tokyo.<\/p>\n\n\n\n<p class=\"has-white-color has-text-color\">En 2018, j\u2019entreprends un nouveau voyage au Japon et d\u00e9couvre Naoshima, Osaka, Tokyo, Kanazawa, Kyoto et c\u2019est alors que je d\u00e9bute un reportage sur des artistes japonais.<\/p>\n\n\n\n<p class=\"has-white-color has-text-color\">En 2019, je fais un extraordinaire voyage en Antarctique avec National Geographic o\u00f9 j\u2019ai d\u00e9couvert la vraie nature et son silence, des lumi\u00e8res inoubliables, des pingouins, des baleines et mon premier iceberg.<\/p>\n\n\n\n<p class=\"has-white-color has-text-color\">La photo est pour moi l&rsquo;opportunit\u00e9 de saisir des moments de la vie, d&rsquo;interpr\u00e9ter ce que nous offrent la nature, les animaux et les personnes.<\/p>\n\n\n\n<p class=\"has-white-color has-text-color\">Chantal Sanglier a particip\u00e9 aux EXPOSITIONS suivantes :&nbsp;<br>&#8211; Salon d&rsquo;Art Contemporain Cannes, mars 2010<br>&#8211; Galerie de Tourgeville Deauville exposition DREAM HORSE, juillet 2009<br>&#8211; Exposition hippodrome d\u2019Auteuil Grand Prix Steeple, octobre 2009<br>&#8211; Mairie du XVe arrondissement de Paris, novembre 2009<br>&#8211; Quatre expositions \u00e0 l\u2019hippodrome de Tourgeville<br>&#8211; Salon des propri\u00e9taires \u00e0 l\u2019hippodrome de St Cloud, photos en grand format<br>&#8211; Est r\u00e9f\u00e9renc\u00e9e sur le site de France Galop<\/p>\n\n\n\n<p><\/p>\n","protected":false},"excerpt":{"rendered":"<p>La presse a dit : \u00ab Les photographies de Chantal Sanglier nous invitent \u00e0 une ballade sur les pas de ces fantasmatiques chevaux. De l\u2019\u00e9curie au pr\u00e9, du galop en<\/p>\n<p class=\"more-link\"><a href=\"http:\/\/www.chantal-sanglier.com\/?page_id=7\" class=\"readmore\">Continue reading<svg class=\"icon icon-arrow-right\" aria-hidden=\"true\" role=\"img\"> <use href=\"#icon-arrow-right\" xlink:href=\"#icon-arrow-right\"><\/use> <\/svg><span class=\"screen-reader-text\">BIOGRAPHIE<\/span><\/a><\/p>\n","protected":false},"author":1,"featured_media":0,"parent":0,"menu_order":0,"comment_status":"closed","ping_status":"closed","template":"","meta":[],"_links":{"self":[{"href":"http:\/\/www.chantal-sanglier.com\/index.php?rest_route=\/wp\/v2\/pages\/7"}],"collection":[{"href":"http:\/\/www.chantal-sanglier.com\/index.php?rest_route=\/wp\/v2\/pages"}],"about":[{"href":"http:\/\/www.chantal-sanglier.com\/index.php?rest_route=\/wp\/v2\/types\/page"}],"author":[{"embeddable":true,"href":"http:\/\/www.chantal-sanglier.com\/index.php?rest_route=\/wp\/v2\/users\/1"}],"replies":[{"embeddable":true,"href":"http:\/\/www.chantal-sanglier.com\/index.php?rest_route=%2Fwp%2Fv2%2Fcomments&post=7"}],"version-history":[{"count":11,"href":"http:\/\/www.chantal-sanglier.com\/index.php?rest_route=\/wp\/v2\/pages\/7\/revisions"}],"predecessor-version":[{"id":593,"href":"http:\/\/www.chantal-sanglier.com\/index.php?rest_route=\/wp\/v2\/pages\/7\/revisions\/593"}],"wp:attachment":[{"href":"http:\/\/www.chantal-sanglier.com\/index.php?rest_route=%2Fwp%2Fv2%2Fmedia&parent=7"}],"curies":[{"name":"wp","href":"https:\/\/api.w.org\/{rel}","templated":true}]}}